{"id":220,"date":"2023-05-20T14:56:38","date_gmt":"2023-05-20T14:56:38","guid":{"rendered":"https:\/\/sportsluxurycars.ch\/?page_id=220"},"modified":"2023-05-20T14:57:31","modified_gmt":"2023-05-20T14:57:31","slug":"inhaber-verantwortung","status":"publish","type":"page","link":"https:\/\/sportsluxurycars.ch\/?page_id=220","title":{"rendered":"Inhaber &amp; Verantwortung"},"content":{"rendered":"\n<p><strong><a href=\"https:\/\/sportsluxurycars.ch\/?page_id=112\">SportsLuxuryCars 4You GmbH<\/a><br><a href=\"https:\/\/sportsluxurycars.ch\/?page_id=112\">Tannermatt Strasse 26,<\/a><br><a href=\"https:\/\/sportsluxurycars.ch\/?page_id=112\">5242 Birr<\/a><\/strong><\/p>\n\n\n\n<p>Tel: +41 79 423 99 99<br>E-Mail:&nbsp;info@sportsluxurycars.ch<\/p>\n\n\n\n<p><strong>Copyright<\/strong><br>Die Verantwortung und das Copyright f\u00fcr den Inhalt dieser Seiten liegt ausschliesslich beim Betreiber der Firma Sportsluxurycars 4You. Jegliche Verwendung oder Vervielf\u00e4ltigung von Texten, Grafiken und Bilder \u2013 in andere elektronische oder gedruckte Publikationen \u2013 ist ohne ausdr\u00fcckliche Zustimmung der Firma Sportsluxurycars 4You nicht gestattet.<\/p>\n\n\n\n<p><strong>Datenschutz<\/strong><br>Die Betreiber dieser Seiten nehmen den Schutz Ihrer pers\u00f6nlichen Daten sehr ernst. Wir behandeln Ihre personenbezogenen Daten vertraulich und entsprechend der gesetzlichen Datenschutzvorschriften sowie dieser Datenschutzerkl\u00e4rung.<\/p>\n\n\n\n<p>Die Nutzung unserer Webseite ist in der Regel ohne Angabe personenbezogener Daten m\u00f6glich. Soweit auf unseren Seiten personenbezogene Daten (beispielsweise Name, Anschrift oder E-Mail-Adressen) erhoben werden, erfolgt dies, soweit m\u00f6glich, stets auf freiwilliger Basis. Diese Daten werden ohne Ihre ausdr\u00fcckliche Zustimmung nicht an Dritte weitergegeben.<\/p>\n\n\n\n<p>Wir weisen darauf hin, dass die Daten\u00fcbertragung im Internet (z.B. bei der Kommunikation per E-Mail) Sicherheitsl\u00fccken aufweisen kann. Ein l\u00fcckenloser Schutz der Daten vor dem Zugriff durch Dritte ist nicht m\u00f6glich.<\/p>\n\n\n\n<p><strong>Cookies<\/strong><br>Die Internetseiten verwenden teilweise so genannte Cookies. Cookies richten auf Ihrem Rechner keinen Schaden an und enthalten keine Viren. Cookies dienen dazu, unser Angebot nutzerfreundlicher, effektiver und sicherer zu machen. Cookies sind kleine Textdateien, die auf Ihrem Rechner abgelegt werden und die Ihr Browser speichert.<\/p>\n\n\n\n<p>Die meisten der von uns verwendeten Cookies sind so genannte \u201eSession-Cookies\u201c. Sie werden nach Ende Ihres Besuchs automatisch gel\u00f6scht. Andere Cookies bleiben auf Ihrem Endger\u00e4t gespeichert, bis Sie diese l\u00f6schen. Diese Cookies erm\u00f6glichen es uns, Ihren Browser beim n\u00e4chsten Besuch wiederzuerkennen.<\/p>\n\n\n\n<p>Sie k\u00f6nnen Ihren Browser so einstellen, dass Sie \u00fcber das Setzen von Cookies informiert werden und Cookies nur im Einzelfall erlauben, die Annahme von Cookies f\u00fcr bestimmte F\u00e4lle oder generell ausschliessen sowie das automatische L\u00f6schen der Cookies beim Schliessen des Browser aktivieren. Bei der Deaktivierung von Cookies kann die Funktionalit\u00e4t dieser Website eingeschr\u00e4nkt sein.<\/p>\n\n\n\n<p><strong>Lizenzen der verwendeten Bilder<\/strong><br>Alle auf dieser Webseite verwendeten Bilder sind unter der Creative Commons Zero (CC0) Lizenz ver\u00f6ffentlicht. Der Urheber verzichtet damit unwiderruflich auf jegliche Rechte an seinem Werk. Das Werk kann uneingeschr\u00e4nkt genutzt, geteilt, ver\u00e4ndert und weiterverarbeitet werden.<\/p>\n\n\n\n<p>Wir haben ausschliesslich lizenzfreie Bilder von den folgenden Plattformen verwendet:<\/p>\n\n\n\n<ul class=\"wp-block-list\">\n<li><a href=\"https:\/\/www.pexels.com\/\" target=\"_blank\" rel=\"noreferrer noopener\">https:\/\/www.pexels.com\/<\/a><\/li>\n\n\n\n<li><a href=\"https:\/\/www.freepik.com\/\" target=\"_blank\" rel=\"noreferrer noopener\">https:\/\/www.freepik.com<\/a><\/li>\n\n\n\n<li><a href=\"https:\/\/www.iconfinder.com\/\" target=\"_blank\" rel=\"noreferrer noopener\">https:\/\/www.iconfinder.com<\/a><\/li>\n<\/ul>\n\n\n\n<p>Bitte senden Sie keine Abmahnung ohne den vorherigen Kontakt zu uns! Sollten durch die Aufmachung oder den Inhalt dieser Internetseiten Rechte Dritter oder gesetzliche Bestimmungen verletzt worden sein, so bitten wir Sie um eine entsprechende Nachricht ohne Kostennote.<\/p>\n\n\n\n<p>Wir garantieren die unverz\u00fcgliche Entfernung der zu Recht beanstandeten Passagen, ohne dass die Einschaltung eines Rechtsbeistandes von Ihnen aus erforderlich ist.<\/p>\n\n\n\n<p>Sollten dennoch von Ihnen Kosten ausgel\u00f6st werden, ohne dass zuvor eine Kontaktaufnahme mit uns erfolgt ist, werden wir diese nicht zur\u00fcckerstatten. Gegebenfalls werden wir wegen Verletzung vorgenannter Bestimmungen Gegenklage einreichen.<\/p>\n","protected":false},"excerpt":{"rendered":"<p>SportsLuxuryCars 4You GmbHTannermatt Strasse 26,5242 Birr Tel: +41 79 423 99 99E-Mail:&nbsp;info@sportsluxurycars.ch CopyrightDie Verantwortung und das Copyright f\u00fcr den Inhalt dieser Seiten liegt ausschliesslich beim Betreiber<span class=\"excerpt-hellip\"> [\u2026]<\/span><\/p>\n","protected":false},"author":1,"featured_media":0,"parent":0,"menu_order":0,"comment_status":"closed","ping_status":"closed","template":"","meta":{"footnotes":""},"class_list":["post-220","page","type-page","status-publish","hentry"],"_links":{"self":[{"href":"https:\/\/sportsluxurycars.ch\/index.php?rest_route=\/wp\/v2\/pages\/220","targetHints":{"allow":["GET"]}}],"collection":[{"href":"https:\/\/sportsluxurycars.ch\/index.php?rest_route=\/wp\/v2\/pages"}],"about":[{"href":"https:\/\/sportsluxurycars.ch\/index.php?rest_route=\/wp\/v2\/types\/page"}],"author":[{"embeddable":true,"href":"https:\/\/sportsluxurycars.ch\/index.php?rest_route=\/wp\/v2\/users\/1"}],"replies":[{"embeddable":true,"href":"https:\/\/sportsluxurycars.ch\/index.php?rest_route=%2Fwp%2Fv2%2Fcomments&post=220"}],"version-history":[{"count":3,"href":"https:\/\/sportsluxurycars.ch\/index.php?rest_route=\/wp\/v2\/pages\/220\/revisions"}],"predecessor-version":[{"id":223,"href":"https:\/\/sportsluxurycars.ch\/index.php?rest_route=\/wp\/v2\/pages\/220\/revisions\/223"}],"wp:attachment":[{"href":"https:\/\/sportsluxurycars.ch\/index.php?rest_route=%2Fwp%2Fv2%2Fmedia&parent=220"}],"curies":[{"name":"wp","href":"https:\/\/api.w.org\/{rel}","templated":true}]}}