{"id":215,"date":"2023-05-20T14:52:56","date_gmt":"2023-05-20T14:52:56","guid":{"rendered":"https:\/\/sportsluxurycars.ch\/?page_id=215"},"modified":"2023-05-20T14:55:20","modified_gmt":"2023-05-20T14:55:20","slug":"agb","status":"publish","type":"page","link":"https:\/\/sportsluxurycars.ch\/?page_id=215","title":{"rendered":"AGB"},"content":{"rendered":"\n<p><strong>Voraussetzungen:<\/strong><br>Mindestalter: 21 Jahre<br>Fahrausweis Kategorie: B oder h\u00f6her<\/p>\n\n\n\n<p><strong>Kaution:<\/strong><br>Kaution: CHF 0.- (Keine Kaution)<br>Selbstbehalt: CHF 3\u2018000.-<\/p>\n\n\n\n<p><strong>Reservationen:<\/strong><br>\u2013 Reservationen sind schriftlich mittels\u00a0Reservierungs-Anfrage Formular, telefonisch\u00a0oder per\u00a0E-Mail\u00a0m\u00f6glich.<br>\u2013 Eine Reservationsbest\u00e4tigung erhalten Sie per E-Mail.<br>\u2013 Reservationen welche nicht eingehalten werden, m\u00fcssen mindestens 48h vor Beginn der Miete wieder annulliert werden.<\/p>\n\n\n\n<p>-BITTE BEACHTEN SIE, DASS F\u00dcR BUCHUNGSRESERVIERUNGEN EINE GEB\u00dcHR VON 250 CHF ANF\u00c4LLT. DIESE GEB\u00dcHR IST IM MIETWAGENPREIS ENTHALTEN UND MUSS IM VORAUS BEZAHLT<\/p>\n\n\n\n<p><strong>Haftungsausschl\u00fcsse:<\/strong><br>Der Vermieter haftet gegen\u00fcber dem Mieter nicht f\u00fcr Umtriebe und Ausf\u00e4lle jeglicher Art.<\/p>\n\n\n\n<p><strong>Unf\u00e4lle:<\/strong><br>\u2013 Bei Unf\u00e4llen ist der Mieter verpflichtet, unverz\u00fcglich Sportsluxurycars 4You GmbH zu informieren.<br>\u2013 Ebenfalls verpflichtet er sich unverz\u00fcglich die Polizei zu benachrichtigen und einen Rapport erstellen zu lassen.<\/p>\n\n\n\n<p><strong>Vorbehalte \/ Ausschl\u00fcsse:<\/strong><br>\u2013 Sportsluxurycars 4You GmbH  beh\u00e4lt sich das Recht vor, bei schlechtem Wetter die Fahrzeuge nicht auszuh\u00e4ndigen.<br>\u2013 Bei bestehenden Mietvertr\u00e4gen k\u00f6nnen neue Termine vereinbart werden.<br>\u2013 Beidseitig gibt es keine Folgekosten.<\/p>\n\n\n\n<p><strong>Ausland:<\/strong><br>\u2013 Das Fahrzeug darf nur in der Schweiz gefahren werden. Allf\u00e4llige Ausnahmen k\u00f6nnen durch Sportsluxurycars 4You GmbH beschlossen werden und sind schriftlich einzuholen.<\/p>\n\n\n\n<p><strong>Versicherung:<\/strong><br>\u2013 Haftpflicht und Vollkasko sind inkl. Der Selbstbehalt betr\u00e4gt: CHF 3\u2018000.-<br>\u2013 Sch\u00e4den bis zu dieser Summe gehen zu Lasten des Mieters!<\/p>\n\n\n\n<p><strong>Nicht versichert sind:<\/strong><br>\u2013 Sch\u00e4den am Fahrzeug, an Felgen und Reifen, Motor und Getriebesch\u00e4den etc., die durch nicht ordnungsgem\u00e4ssem Fahren entstehen.<br>\u2013 Bei Missachtung der AGB\u2019s entf\u00e4llt der Versicherungsschutz ebenfalls.<br>\u2013 Alkohol trinken vor und w\u00e4hrend der Fahrt ist strikt verboten!<br>\u2013 Sch\u00e4den infolge Trunkenheit (bei mehr als 0.5 Promille) sind nicht versichert!<br>\u2013 Bei Unf\u00e4llen und Sch\u00e4den verursacht durch Grobfahrl\u00e4ssigkeit (bei REGEN,SCHNEEFALL oder EISGL\u00c4TTE etc.) und bei Sch\u00e4den durch zu nahes Auffahren, gilt Haftung durch den Mieter.<\/p>\n\n\n\n<p><strong>Die gesamten Kosten der entstandenen Sch\u00e4den sind sofort zu bezahlen.<\/strong><\/p>\n\n\n\n<p><strong>VERBOTE:<\/strong><br>\u2013 Das Rauchen, Essen und Trinken im Fahrzeug.<br>\u2013 Fahrten ohne erforderlichen F\u00fchrerschein, Lernfahrten, Abschleppen, Autorennen und \u00bc Meilen sowie Teilnahme an Rennsport-Anl\u00e4ssen (keine Versicherungsdeckung).<br>\u2013 Parkieren in Tiefgaragen und enge Parkpl\u00e4tze.<br>\u2013 ESP&nbsp;deaktivieren.<br>\u2013 Offroad oder Waldfahrten.<br>\u2013 BEI GROBER VERUNREINIGUNG, SCHLAMM ODER DRECK WERDEN CHF 500.- F\u00dcR DIE REINIGUNG DEM MIETER IN RECHNUNG GESTELLT!<\/p>\n\n\n\n<p><strong>Verkehrs\u00fcbertretungen:<\/strong><br>\u2013 Der Mieter haftet w\u00e4hrend der Mietfrist bis zur R\u00fcckgabe f\u00fcr alle Verkehrs\u00fcbertretungen.<br>\u2013 Die Kosten werden dem Mieter in Rechnung gestellt.<\/p>\n\n\n\n<p><strong>\u00dcbergabe \/ R\u00fcckgabe:<\/strong><br>\u2013 Die \u00dcbergabe und&nbsp; R\u00fcckgabe erfolgen an der Gesch\u00e4ftsstelle der LXRY-CARS.CH GmbH.<br>\u2013 Es wird bei der \u00dcbergabe \/ R\u00fcckgabe jeweils ein Rapport ausgef\u00fcllt und eventuelle Sch\u00e4den sind schriftlich und auf Foto festzuhalten.<br>\u2013 Fahrzeug ist vor der R\u00fcckgabe vollzutanken.<\/p>\n\n\n\n<p><strong>Fehlmanipulationen:<\/strong><br>\u2013 Sch\u00e4den am Fahrzeug durch \u00fcberdrehen des Motors, \u00fcberhitzen der Kupplung durch langes Schleifen, Kavalierstarts, \u00fcberm\u00e4ssiger Reifenverschleiss sowie jegliche Art der Fehlmanipulation bedingen der vollumf\u00e4nglichen Haftung durch den Mieter.<br>\u2013 Diese Sch\u00e4den k\u00f6nnen mittels Computer genau nachgewiesen werden!<\/p>\n\n\n\n<p><strong>Fahren einer Drittperson:<\/strong><br>\u2013 Der Mieter kann das Nutzungsrecht aus dem Mietvertrag nur mit Zustimmung des Vermieters auf eine weitere Person \u00fcbertragen. Drittfahrer sind durch den Mieter bei Vertragsabschluss zu nennen.<\/p>\n","protected":false},"excerpt":{"rendered":"<p>Voraussetzungen:Mindestalter: 21 JahreFahrausweis Kategorie: B oder h\u00f6her Kaution:Kaution: CHF 0.- (Keine Kaution)Selbstbehalt: CHF 3\u2018000.- Reservationen:\u2013 Reservationen sind schriftlich mittels\u00a0Reservierungs-Anfrage Formular, telefonisch\u00a0oder per\u00a0E-Mail\u00a0m\u00f6glich.\u2013 Eine Reservationsbest\u00e4tigung erhalten Sie<span class=\"excerpt-hellip\"> [\u2026]<\/span><\/p>\n","protected":false},"author":1,"featured_media":0,"parent":0,"menu_order":0,"comment_status":"closed","ping_status":"closed","template":"","meta":{"footnotes":""},"class_list":["post-215","page","type-page","status-publish","hentry"],"_links":{"self":[{"href":"https:\/\/sportsluxurycars.ch\/index.php?rest_route=\/wp\/v2\/pages\/215","targetHints":{"allow":["GET"]}}],"collection":[{"href":"https:\/\/sportsluxurycars.ch\/index.php?rest_route=\/wp\/v2\/pages"}],"about":[{"href":"https:\/\/sportsluxurycars.ch\/index.php?rest_route=\/wp\/v2\/types\/page"}],"author":[{"embeddable":true,"href":"https:\/\/sportsluxurycars.ch\/index.php?rest_route=\/wp\/v2\/users\/1"}],"replies":[{"embeddable":true,"href":"https:\/\/sportsluxurycars.ch\/index.php?rest_route=%2Fwp%2Fv2%2Fcomments&post=215"}],"version-history":[{"count":3,"href":"https:\/\/sportsluxurycars.ch\/index.php?rest_route=\/wp\/v2\/pages\/215\/revisions"}],"predecessor-version":[{"id":219,"href":"https:\/\/sportsluxurycars.ch\/index.php?rest_route=\/wp\/v2\/pages\/215\/revisions\/219"}],"wp:attachment":[{"href":"https:\/\/sportsluxurycars.ch\/index.php?rest_route=%2Fwp%2Fv2%2Fmedia&parent=215"}],"curies":[{"name":"wp","href":"https:\/\/api.w.org\/{rel}","templated":true}]}}